{"id":90,"date":"2017-12-10T11:43:33","date_gmt":"2017-12-10T10:43:33","guid":{"rendered":"http:\/\/127.0.0.1\/wordpress\/?page_id=90"},"modified":"2024-10-28T20:03:17","modified_gmt":"2024-10-28T19:03:17","slug":"obozy","status":"publish","type":"page","link":"https:\/\/soclimb.pl\/index.php\/oferta-strona-glowna\/obozy\/","title":{"rendered":"Obozy"},"content":{"rendered":"<p><section class=\"fw-main-row \"  >\n\t<div class=\"fw-container\">\n\t\t<div class=\"fw-row\">\n\t<div class=\"fw-col-xs-12\">\n\t<p>G\u0142\u00f3wnym celem jaki przy\u015bwieca nam w organizowaniu oboz\u00f3w jest\u00a0<strong>Wasz rozw\u00f3j<\/strong>\u00a0wspinaczkowy, sp\u0119dzenie czasu w\u00a0<strong>najlepszych rejonach<\/strong>\u00a0skalnych Europy ze\u00a0<strong>\u015bwietn\u0105 ekip\u0105<\/strong>\u00a0oraz oczywi\u015bcie\u00a0<strong>dobra zabawa<\/strong>.<\/p><p>&nbsp;<\/p><p style=\"text-align: center;\"><strong>To co nas wyr\u00f3\u017cnia, to kompleksowe podej\u015bcie do wspinaczki.<\/strong><\/p><p>&nbsp;<\/p><p>Zrywamy z koncepcj\u0105 oboz\u00f3w, w kt\u00f3rych instruktorzy s\u0142u\u017c\u0105 jedynie za bufor bezpiecze\u0144stwa. Przeprowadzimy Was przez\u00a0<strong>ca\u0142y skalny 'know how'<\/strong>\u00a0- pocz\u0105wszy od prawid\u0142owej rozgrzewki, poprzez odpowiedni wyb\u00f3r dr\u00f3g wspinaczkowych, a\u017c do relaksacji po ca\u0142ym dniu w ska\u0142ach. Wieczorami te\u017c b\u0119dzie co robi\u0107 -\u00a0<strong>om\u00f3wimy wspinaczki,<\/strong>\u00a0kt\u00f3rych dokonywali\u015bcie oraz podzielimy si\u0119 swoj\u0105\u00a0<strong>wiedz\u0105 z zakresu treningu wspinaczkowego, \u017cywienia oraz rozwoju umiej\u0119tno\u015bci psychologicznych potrzebnych we wspinaniu.<\/strong><strong>\u00a0<\/strong>A tym, kt\u00f3rzy chc\u0105 si\u0119 tylko powspina\u0107, na pewno nie b\u0119dziemy przeszkadza\u0107...:)<\/p><p>&nbsp;<\/p><\/div>\n<\/div>\n\n<div class=\"fw-row\">\n\t<div class=\"fw-col-xs-12\">\n\t<div class=\"fw-heading fw-heading-h4 fw-heading-center\">\n\t\t<h4 class='fw-special-title'>Podczas wyjazd\u00f3w zapewniamy:<\/h4>\t<\/div><\/div>\n<\/div>\n\n<div class=\"fw-row\">\n\t<div class=\"fw-col-xs-12 fw-col-sm-4\">\n\t<div class=\"fw-iconbox clearfix fw-iconbox-1\">\n\t<div class=\"fw-iconbox-image\">\n\t\t<i class=\"fa fa-bed\"><\/i>\n\t<\/div>\n\t<div class=\"fw-iconbox-aside\">\n\t\t<div class=\"fw-iconbox-title\">\n\t\t\t<h3>Noclegi<\/h3>\n\t\t<\/div>\n\t\t<div class=\"fw-iconbox-text\">\n\t\t\t<p><\/p>\n\t\t<\/div>\n\t<\/div>\n<\/div><\/div>\n<div class=\"fw-col-xs-12 fw-col-sm-4\">\n\t<div class=\"fw-iconbox clearfix fw-iconbox-1\">\n\t<div class=\"fw-iconbox-image\">\n\t\t<i class=\"fa fa-child\"><\/i>\n\t<\/div>\n\t<div class=\"fw-iconbox-aside\">\n\t\t<div class=\"fw-iconbox-title\">\n\t\t\t<h3>Opiek\u0119 instruktorsk\u0105<\/h3>\n\t\t<\/div>\n\t\t<div class=\"fw-iconbox-text\">\n\t\t\t<p><\/p>\n\t\t<\/div>\n\t<\/div>\n<\/div><\/div>\n<div class=\"fw-col-xs-12 fw-col-sm-4\">\n\t<div class=\"fw-iconbox clearfix fw-iconbox-1\">\n\t<div class=\"fw-iconbox-image\">\n\t\t<i class=\"fa fa-briefcase\"><\/i>\n\t<\/div>\n\t<div class=\"fw-iconbox-aside\">\n\t\t<div class=\"fw-iconbox-title\">\n\t\t\t<h3>Sprz\u0119t wspinaczkowy<\/h3>\n\t\t<\/div>\n\t\t<div class=\"fw-iconbox-text\">\n\t\t\t<p><\/p>\n\t\t<\/div>\n\t<\/div>\n<\/div><\/div>\n<\/div>\n\n\t<\/div>\n<\/section>\n<section class=\"fw-main-row \"  >\n\t<div class=\"fw-container\">\n\t\t<div class=\"fw-row\">\n\t<div class=\"fw-col-xs-12\">\n\t\n\t<div class=\"fw-divider-space\" style=\"padding-top: 80px;\"><\/div>\n<\/div>\n<\/div>\n\n<div class=\"fw-row\">\n\t<div class=\"fw-col-xs-12\">\n\t<div class=\"fw-heading fw-heading-h4 fw-heading-center\">\n\t\t<h4 class='fw-special-title'>Dodatkowo oferujemy wsparcie merytoryczne obejmuj\u0105ce:<\/h4>\t<\/div><\/div>\n<\/div>\n\n<div class=\"fw-row\">\n\t<div class=\"fw-col-xs-12 fw-col-sm-4\">\n\t<div class=\"fw-iconbox clearfix fw-iconbox-1\">\n\t<div class=\"fw-iconbox-image\">\n\t\t<i class=\"fa fa-hand-paper-o\"><\/i>\n\t<\/div>\n\t<div class=\"fw-iconbox-aside\">\n\t\t<div class=\"fw-iconbox-title\">\n\t\t\t<h3><\/h3>\n\t\t<\/div>\n\t\t<div class=\"fw-iconbox-text\">\n\t\t\t<p>Skalny 'know how'<\/p>\n\t\t<\/div>\n\t<\/div>\n<\/div><\/div>\n<div class=\"fw-col-xs-12 fw-col-sm-4\">\n\t<div class=\"fw-iconbox clearfix fw-iconbox-1\">\n\t<div class=\"fw-iconbox-image\">\n\t\t<i class=\"fa fa-universal-access\"><\/i>\n\t<\/div>\n\t<div class=\"fw-iconbox-aside\">\n\t\t<div class=\"fw-iconbox-title\">\n\t\t\t<h3><\/h3>\n\t\t<\/div>\n\t\t<div class=\"fw-iconbox-text\">\n\t\t\t<p>Trening oraz \u017cywienie wspinaczy<\/p>\n\t\t<\/div>\n\t<\/div>\n<\/div><\/div>\n<div class=\"fw-col-xs-12 fw-col-sm-4\">\n\t<div class=\"fw-iconbox clearfix fw-iconbox-1\">\n\t<div class=\"fw-iconbox-image\">\n\t\t<i class=\"fa fa-trophy\"><\/i>\n\t<\/div>\n\t<div class=\"fw-iconbox-aside\">\n\t\t<div class=\"fw-iconbox-title\">\n\t\t\t<h3><\/h3>\n\t\t<\/div>\n\t\t<div class=\"fw-iconbox-text\">\n\t\t\t<p>Rozwijania umiej\u0119tno\u015bci psychologicznych, kt\u00f3re pozwol\u0105 Wam wspina\u0107 si\u0119 efektywniej!<\/p>\n\t\t<\/div>\n\t<\/div>\n<\/div><\/div>\n<\/div>\n\n\t<\/div>\n<\/section>\n<\/p>\n","protected":false},"excerpt":{"rendered":"<p>G\u0142\u00f3wnym celem jaki przy\u015bwieca nam w organizowaniu oboz\u00f3w jest\u00a0Wasz rozw\u00f3j\u00a0wspinaczkowy, sp\u0119dzenie czasu w\u00a0najlepszych rejonach\u00a0skalnych Europy ze\u00a0\u015bwietn\u0105 ekip\u0105\u00a0oraz oczywi\u015bcie\u00a0dobra zabawa.&nbsp;To co nas wyr\u00f3\u017cnia, to kompleksowe podej\u015bcie do wspinaczki.&nbsp;Zrywamy z koncepcj\u0105 oboz\u00f3w, w kt\u00f3rych instruktorzy s\u0142u\u017c\u0105 jedynie za bufor bezpiecze\u0144stwa. Przeprowadzimy Was przez\u00a0ca\u0142y skalny 'know how&#8217;\u00a0&#8211; pocz\u0105wszy od prawid\u0142owej rozgrzewki, poprzez odpowiedni wyb\u00f3r dr\u00f3g wspinaczkowych, a\u017c do [&hellip;]<\/p>\n","protected":false},"author":2,"featured_media":251,"parent":21,"menu_order":0,"comment_status":"closed","ping_status":"closed","template":"","meta":{"footnotes":""},"class_list":["post-90","page","type-page","status-publish","has-post-thumbnail","hentry"],"_links":{"self":[{"href":"https:\/\/soclimb.pl\/index.php\/wp-json\/wp\/v2\/pages\/90","targetHints":{"allow":["GET"]}}],"collection":[{"href":"https:\/\/soclimb.pl\/index.php\/wp-json\/wp\/v2\/pages"}],"about":[{"href":"https:\/\/soclimb.pl\/index.php\/wp-json\/wp\/v2\/types\/page"}],"author":[{"embeddable":true,"href":"https:\/\/soclimb.pl\/index.php\/wp-json\/wp\/v2\/users\/2"}],"replies":[{"embeddable":true,"href":"https:\/\/soclimb.pl\/index.php\/wp-json\/wp\/v2\/comments?post=90"}],"version-history":[{"count":1,"href":"https:\/\/soclimb.pl\/index.php\/wp-json\/wp\/v2\/pages\/90\/revisions"}],"predecessor-version":[{"id":154,"href":"https:\/\/soclimb.pl\/index.php\/wp-json\/wp\/v2\/pages\/90\/revisions\/154"}],"up":[{"embeddable":true,"href":"https:\/\/soclimb.pl\/index.php\/wp-json\/wp\/v2\/pages\/21"}],"wp:featuredmedia":[{"embeddable":true,"href":"https:\/\/soclimb.pl\/index.php\/wp-json\/wp\/v2\/media\/251"}],"wp:attachment":[{"href":"https:\/\/soclimb.pl\/index.php\/wp-json\/wp\/v2\/media?parent=90"}],"curies":[{"name":"wp","href":"https:\/\/api.w.org\/{rel}","templated":true}]}}