{"id":88,"date":"2017-12-10T11:43:27","date_gmt":"2017-12-10T10:43:27","guid":{"rendered":"http:\/\/127.0.0.1\/wordpress\/?page_id=88"},"modified":"2024-10-28T20:03:38","modified_gmt":"2024-10-28T19:03:38","slug":"kursy","status":"publish","type":"page","link":"https:\/\/soclimb.pl\/index.php\/oferta-strona-glowna\/kursy\/","title":{"rendered":"Kursy"},"content":{"rendered":"<p><strong>Doskonale przygotuje Was do wspinaczki w ska\u0142ach po drogach ubezpieczonych sta\u0142ymi punktami asekuracyjnymi \u2013 zar\u00f3wno tych jednowyci\u0105gowych jak i wielowyci\u0105gowych.<\/strong><\/p>\n<p><strong>Kursy odbywaj\u0105 si\u0119 w systemie 3-dniowym (pi\u0105tek, sobota, niedziela).<\/strong><\/p>\n<p><strong>Koszt: 600z\u0142<\/strong><\/p>\n<p>Program kursu:<\/p>\n<p>Sprz\u0119t i wyposa\u017cenie wspinacza<\/p>\n<p>Zasady doboru i u\u017cytkowania<\/p>\n<p>Praktyczna znajomo\u015b\u0107 w\u0119z\u0142\u00f3w:<br \/>\nkluczka, \u00f3semka, ta\u015bmowy (r\u00f3wnoleg\u0142y), podw\u00f3jny zderzakowy, p\u00f3\u0142wyblinka, wyblinka, flagowy, bloker, stoper ta\u015bmowy<\/p>\n<p>Zwijanie i przenoszenie liny<\/p>\n<p>Wi\u0105zanie si\u0119 lin\u0105 z zastosowaniem uprz\u0119\u017cy<\/p>\n<p>Dobieranie sprz\u0119tu do konkretnej drogi i poprawne noszenie go<\/p>\n<p>Obs\u0142uga przyrz\u0105du asekuracyjnego w zakresie podawania, wybierania, hamowania liny oraz jej blokowania i odblokowania<\/p>\n<p>W\u0142a\u015bciwe rozmieszczanie punkt\u00f3w przelotowych<\/p>\n<p>Prawid\u0142owe prowadzenie liny pojedynczej<\/p>\n<p>Przewi\u0105zywanie liny przez ring zjazdowy i zdejmowanie ekspres\u00f3w podczas opuszczania<\/p>\n<p>Przygotowanie liny i sprz\u0119tu do zjazdu<\/p>\n<p>Zjazd w wysokim przyrz\u0105dzie wraz z odpowiedni\u0105 autoasekuracj\u0105 (zjazd ze stanowiskiem po\u015brednim)<\/p>\n<p><!-- cf9ec7157b790b19cd14499cfe71e44c --><\/p>\n","protected":false},"excerpt":{"rendered":"<p>Doskonale przygotuje Was do wspinaczki w ska\u0142ach po drogach ubezpieczonych sta\u0142ymi punktami asekuracyjnymi \u2013 zar\u00f3wno tych jednowyci\u0105gowych jak i wielowyci\u0105gowych. Kursy odbywaj\u0105 si\u0119 w systemie 3-dniowym (pi\u0105tek, sobota, niedziela). Koszt: 600z\u0142 Program kursu: Sprz\u0119t i wyposa\u017cenie wspinacza Zasady doboru i u\u017cytkowania Praktyczna znajomo\u015b\u0107 w\u0119z\u0142\u00f3w: kluczka, \u00f3semka, ta\u015bmowy (r\u00f3wnoleg\u0142y), podw\u00f3jny zderzakowy, p\u00f3\u0142wyblinka, wyblinka, flagowy, bloker, stoper [&hellip;]<\/p>\n","protected":false},"author":2,"featured_media":252,"parent":21,"menu_order":0,"comment_status":"closed","ping_status":"closed","template":"","meta":{"footnotes":""},"class_list":["post-88","page","type-page","status-publish","has-post-thumbnail","hentry"],"_links":{"self":[{"href":"https:\/\/soclimb.pl\/index.php\/wp-json\/wp\/v2\/pages\/88","targetHints":{"allow":["GET"]}}],"collection":[{"href":"https:\/\/soclimb.pl\/index.php\/wp-json\/wp\/v2\/pages"}],"about":[{"href":"https:\/\/soclimb.pl\/index.php\/wp-json\/wp\/v2\/types\/page"}],"author":[{"embeddable":true,"href":"https:\/\/soclimb.pl\/index.php\/wp-json\/wp\/v2\/users\/2"}],"replies":[{"embeddable":true,"href":"https:\/\/soclimb.pl\/index.php\/wp-json\/wp\/v2\/comments?post=88"}],"version-history":[{"count":3,"href":"https:\/\/soclimb.pl\/index.php\/wp-json\/wp\/v2\/pages\/88\/revisions"}],"predecessor-version":[{"id":889,"href":"https:\/\/soclimb.pl\/index.php\/wp-json\/wp\/v2\/pages\/88\/revisions\/889"}],"up":[{"embeddable":true,"href":"https:\/\/soclimb.pl\/index.php\/wp-json\/wp\/v2\/pages\/21"}],"wp:featuredmedia":[{"embeddable":true,"href":"https:\/\/soclimb.pl\/index.php\/wp-json\/wp\/v2\/media\/252"}],"wp:attachment":[{"href":"https:\/\/soclimb.pl\/index.php\/wp-json\/wp\/v2\/media?parent=88"}],"curies":[{"name":"wp","href":"https:\/\/api.w.org\/{rel}","templated":true}]}}